{"id":2,"date":"2022-11-05T13:22:34","date_gmt":"2022-11-05T12:22:34","guid":{"rendered":"http:\/\/assainissement-vidange.fr\/?page_id=2"},"modified":"2023-04-07T12:29:19","modified_gmt":"2023-04-07T10:29:19","slug":"page-d-exemple","status":"publish","type":"page","link":"https:\/\/assainissement-vidange.fr\/","title":{"rendered":"Assainissement services vidange"},"content":{"rendered":"\n<p class=\"has-black-color has-text-color has-medium-font-size\"><br>Vidange et pompage des fosses septiques, nettoyage des bacs \u00e0 graisse, d\u00e9bouchage et curage de vos canalisations eaux pluviales et eaux us\u00e9es. Nettoyage de pompes de relevage et puits perdus.<\/p>\n\n\n\n<p class=\"has-black-color has-text-color has-medium-font-size\">Nous intervenons chez les professionnels et les particuliers.<\/p>\n\n\n\n<p class=\"has-black-color has-text-color has-medium-font-size\"><strong>Une \u00e9quipe disponible et r\u00e9active \u00e0 votre service<\/strong><\/p>\n\n\n\n<figure class=\"wp-block-image size-full\"><img loading=\"lazy\" decoding=\"async\" width=\"850\" height=\"600\" src=\"http:\/\/assainissement-vidange.fr\/wp-content\/uploads\/2022\/11\/B.S.A-Vidange-Express-1jpg.jpg\" alt=\"\" class=\"wp-image-7\" srcset=\"https:\/\/assainissement-vidange.fr\/wp-content\/uploads\/2022\/11\/B.S.A-Vidange-Express-1jpg.jpg 850w, https:\/\/assainissement-vidange.fr\/wp-content\/uploads\/2022\/11\/B.S.A-Vidange-Express-1jpg-300x212.jpg 300w, https:\/\/assainissement-vidange.fr\/wp-content\/uploads\/2022\/11\/B.S.A-Vidange-Express-1jpg-768x542.jpg 768w\" sizes=\"auto, (max-width: 850px) 100vw, 850px\" \/><\/figure>\n\n\n\n<p><strong>Assainissement services vidange<\/strong><\/p>\n\n\n\n<p class=\"has-black-color has-text-color has-medium-font-size\">22 rue Joseph Rey 38000 Grenoble <\/p>\n\n\n\n<p class=\"has-black-color has-text-color has-medium-font-size\">Tel : 04 76 87 46 12   <\/p>\n\n\n\n<p class=\"has-black-color has-text-color has-medium-font-size\">Tel : 06 80 85 17 18  <\/p>\n\n\n\n<p class=\"has-black-color has-text-color has-medium-font-size\">du Lundi au Vendredi de 8h \u00e0 19h<\/p>\n","protected":false},"excerpt":{"rendered":"<p>Vidange et pompage des fosses septiques, nettoyage des bacs \u00e0 graisse, d\u00e9bouchage et curage de vos canalisations eaux pluviales et eaux us\u00e9es. Nettoyage de pompes de relevage et puits perdus. Nous intervenons chez les professionnels et les particuliers. Une \u00e9quipe disponible et r\u00e9active \u00e0 votre service Assainissement services vidange 22 rue Joseph Rey 38000 Grenoble<\/p>\n<div><a class=\"btn-filled btn\" href=\"https:\/\/assainissement-vidange.fr\/\" title=\"Assainissement services vidange\">Read More<\/a><\/div>\n","protected":false},"author":1,"featured_media":0,"parent":0,"menu_order":0,"comment_status":"closed","ping_status":"open","template":"","meta":{"footnotes":""},"class_list":["post-2","page","type-page","status-publish","hentry"],"_links":{"self":[{"href":"https:\/\/assainissement-vidange.fr\/index.php\/wp-json\/wp\/v2\/pages\/2","targetHints":{"allow":["GET"]}}],"collection":[{"href":"https:\/\/assainissement-vidange.fr\/index.php\/wp-json\/wp\/v2\/pages"}],"about":[{"href":"https:\/\/assainissement-vidange.fr\/index.php\/wp-json\/wp\/v2\/types\/page"}],"author":[{"embeddable":true,"href":"https:\/\/assainissement-vidange.fr\/index.php\/wp-json\/wp\/v2\/users\/1"}],"replies":[{"embeddable":true,"href":"https:\/\/assainissement-vidange.fr\/index.php\/wp-json\/wp\/v2\/comments?post=2"}],"version-history":[{"count":9,"href":"https:\/\/assainissement-vidange.fr\/index.php\/wp-json\/wp\/v2\/pages\/2\/revisions"}],"predecessor-version":[{"id":26,"href":"https:\/\/assainissement-vidange.fr\/index.php\/wp-json\/wp\/v2\/pages\/2\/revisions\/26"}],"wp:attachment":[{"href":"https:\/\/assainissement-vidange.fr\/index.php\/wp-json\/wp\/v2\/media?parent=2"}],"curies":[{"name":"wp","href":"https:\/\/api.w.org\/{rel}","templated":true}]}}